{"id":1663,"date":"2024-07-06T19:24:46","date_gmt":"2024-07-06T19:24:46","guid":{"rendered":"https:\/\/print.alphastudio.cm\/?post_type=product&#038;p=1663"},"modified":"2024-10-13T02:08:44","modified_gmt":"2024-10-13T02:08:44","slug":"affiches","status":"publish","type":"product","link":"https:\/\/print.alphastudio.cm\/index.php\/product\/affiches\/","title":{"rendered":"Affiches autocollantes"},"content":{"rendered":"<p>Vous cherchez un moyen original de faire passer votre message au plus grand nombre\u00a0? Nos autocollants muraux personnalis\u00e9s sont l\u00e0 pour vous aider. Ces produits de signalisation autoadh\u00e9sifs vous permettent de transformer vos murs en messagers\u00a0: Vous pouvez afficher vos nouveaux horaires d\u2019ouverture, un rappel \u00e0 la distanciation sociale ou m\u00eame un message de soutien \u00e0 votre communaut\u00e9. Gr\u00e2ce \u00e0 l\u2019impression en couleur sur un vinyle blanc souple, votre affichage personnalis\u00e9 sera \u00e0 la fois \u00e9l\u00e9gant et professionnel.<\/p>\n","protected":false},"excerpt":{"rendered":"<ul>\n<li>6 formats disponibles<\/li>\n<li>Vinyle 4\u00a0mm<\/li>\n<li>R\u00e9sistant aux rayures et imperm\u00e9able<\/li>\n<li>Finition mate<\/li>\n<li>Impression nette en couleur<\/li>\n<\/ul>\n","protected":false},"featured_media":1712,"comment_status":"open","ping_status":"closed","template":"","meta":{"inline_featured_image":false},"product_cat":[42],"product_tag":[],"aioseo_notices":[],"_links":{"self":[{"href":"https:\/\/print.alphastudio.cm\/index.php\/wp-json\/wp\/v2\/product\/1663"}],"collection":[{"href":"https:\/\/print.alphastudio.cm\/index.php\/wp-json\/wp\/v2\/product"}],"about":[{"href":"https:\/\/print.alphastudio.cm\/index.php\/wp-json\/wp\/v2\/types\/product"}],"replies":[{"embeddable":true,"href":"https:\/\/print.alphastudio.cm\/index.php\/wp-json\/wp\/v2\/comments?post=1663"}],"wp:featuredmedia":[{"embeddable":true,"href":"https:\/\/print.alphastudio.cm\/index.php\/wp-json\/wp\/v2\/media\/1712"}],"wp:attachment":[{"href":"https:\/\/print.alphastudio.cm\/index.php\/wp-json\/wp\/v2\/media?parent=1663"}],"wp:term":[{"taxonomy":"product_cat","embeddable":true,"href":"https:\/\/print.alphastudio.cm\/index.php\/wp-json\/wp\/v2\/product_cat?post=1663"},{"taxonomy":"product_tag","embeddable":true,"href":"https:\/\/print.alphastudio.cm\/index.php\/wp-json\/wp\/v2\/product_tag?post=1663"}],"curies":[{"name":"wp","href":"https:\/\/api.w.org\/{rel}","templated":true}]}}