{"id":1717,"date":"2024-07-07T02:50:22","date_gmt":"2024-07-07T02:50:22","guid":{"rendered":"https:\/\/print.alphastudio.cm\/?post_type=product&#038;p=1717"},"modified":"2024-10-13T02:46:12","modified_gmt":"2024-10-13T02:46:12","slug":"calendrier-chevalet","status":"publish","type":"product","link":"https:\/\/print.alphastudio.cm\/index.php\/product\/calendrier-chevalet\/","title":{"rendered":"Calendrier Chevalet"},"content":{"rendered":"<p><strong>Gr\u00e2ce \u00e0 son chevalet repliable, transformez votre calendrier de bureau en un organisateur sur lequel vous pouvez compter tout au long de l&rsquo;ann\u00e9e. Personnalis\u00e9 \u00e0 l\u2019aide de votre motif, il s&rsquo;agit du cadeau id\u00e9al pour votre client\u00e8le en d\u00e9but d&rsquo;ann\u00e9e. D\u00e9pliez simplement le carton r\u00e9sistant, placez-le de mani\u00e8re bien visible sur le bureau et vous pourrez garder un \u0153il sur tous les rendez-vous mois apr\u00e8s mois.<\/strong><\/p>\n","protected":false},"excerpt":{"rendered":"<ul>\n<li>Dimension A5(148x210mm) en portait ou paysage<\/li>\n<li>14 feuilles<\/li>\n<li>Reliure \u00e0 spirale de couleur noire, blanche ou argent\u00e9e<\/li>\n<li>\u00e0 partir de 20 exemplaires<\/li>\n<\/ul>\n","protected":false},"featured_media":1767,"comment_status":"open","ping_status":"closed","template":"","meta":{"inline_featured_image":false},"product_cat":[36],"product_tag":[],"aioseo_notices":[],"_links":{"self":[{"href":"https:\/\/print.alphastudio.cm\/index.php\/wp-json\/wp\/v2\/product\/1717"}],"collection":[{"href":"https:\/\/print.alphastudio.cm\/index.php\/wp-json\/wp\/v2\/product"}],"about":[{"href":"https:\/\/print.alphastudio.cm\/index.php\/wp-json\/wp\/v2\/types\/product"}],"replies":[{"embeddable":true,"href":"https:\/\/print.alphastudio.cm\/index.php\/wp-json\/wp\/v2\/comments?post=1717"}],"wp:featuredmedia":[{"embeddable":true,"href":"https:\/\/print.alphastudio.cm\/index.php\/wp-json\/wp\/v2\/media\/1767"}],"wp:attachment":[{"href":"https:\/\/print.alphastudio.cm\/index.php\/wp-json\/wp\/v2\/media?parent=1717"}],"wp:term":[{"taxonomy":"product_cat","embeddable":true,"href":"https:\/\/print.alphastudio.cm\/index.php\/wp-json\/wp\/v2\/product_cat?post=1717"},{"taxonomy":"product_tag","embeddable":true,"href":"https:\/\/print.alphastudio.cm\/index.php\/wp-json\/wp\/v2\/product_tag?post=1717"}],"curies":[{"name":"wp","href":"https:\/\/api.w.org\/{rel}","templated":true}]}}