{"id":2018,"date":"2024-07-08T01:04:54","date_gmt":"2024-07-08T01:04:54","guid":{"rendered":"https:\/\/print.alphastudio.cm\/?post_type=product&#038;p=2018"},"modified":"2024-10-13T02:37:55","modified_gmt":"2024-10-13T02:37:55","slug":"t-shirts","status":"publish","type":"product","link":"https:\/\/print.alphastudio.cm\/index.php\/product\/t-shirts\/","title":{"rendered":"T-shirts"},"content":{"rendered":"<p><strong>Parfaits pour les \u00e9v\u00e8nements d\u2019entreprise, en tant que cadeau de bienvenue pour les nouveaux employ\u00e9s ou en tant que gadget publicitaire sur les salons professionnels, la version budget des t-shirts homme se distingue par sa qualit\u00e9 reconnue et son faible co\u00fbt. Ces t-shirts en coton peuvent \u00eatre imprim\u00e9s de mani\u00e8re personnalis\u00e9e.<\/strong><\/p>\n","protected":false},"excerpt":{"rendered":"<ul>\n<li>Tailles de S \u00e0 XXL<\/li>\n<li>impression par transfert, s\u00e9rigraphie 4 couleurs<\/li>\n<li>100 % coton<\/li>\n<li>\u00e0 partir de 5 exemplaires<\/li>\n<\/ul>\n","protected":false},"featured_media":1772,"comment_status":"open","ping_status":"closed","template":"","meta":{"inline_featured_image":false},"product_cat":[41],"product_tag":[],"aioseo_notices":[],"_links":{"self":[{"href":"https:\/\/print.alphastudio.cm\/index.php\/wp-json\/wp\/v2\/product\/2018"}],"collection":[{"href":"https:\/\/print.alphastudio.cm\/index.php\/wp-json\/wp\/v2\/product"}],"about":[{"href":"https:\/\/print.alphastudio.cm\/index.php\/wp-json\/wp\/v2\/types\/product"}],"replies":[{"embeddable":true,"href":"https:\/\/print.alphastudio.cm\/index.php\/wp-json\/wp\/v2\/comments?post=2018"}],"wp:featuredmedia":[{"embeddable":true,"href":"https:\/\/print.alphastudio.cm\/index.php\/wp-json\/wp\/v2\/media\/1772"}],"wp:attachment":[{"href":"https:\/\/print.alphastudio.cm\/index.php\/wp-json\/wp\/v2\/media?parent=2018"}],"wp:term":[{"taxonomy":"product_cat","embeddable":true,"href":"https:\/\/print.alphastudio.cm\/index.php\/wp-json\/wp\/v2\/product_cat?post=2018"},{"taxonomy":"product_tag","embeddable":true,"href":"https:\/\/print.alphastudio.cm\/index.php\/wp-json\/wp\/v2\/product_tag?post=2018"}],"curies":[{"name":"wp","href":"https:\/\/api.w.org\/{rel}","templated":true}]}}