{"id":2678,"date":"2024-07-09T12:37:47","date_gmt":"2024-07-09T12:37:47","guid":{"rendered":"https:\/\/print.alphastudio.cm\/?post_type=product&#038;p=2678"},"modified":"2024-10-13T02:22:24","modified_gmt":"2024-10-13T02:22:24","slug":"papier-entete","status":"publish","type":"product","link":"https:\/\/print.alphastudio.cm\/index.php\/product\/papier-entete\/","title":{"rendered":"Papier ent\u00eate"},"content":{"rendered":"<p>Donnez une allure professionnelle et coh\u00e9rente \u00e0 vos documents officiels avec des papiers \u00e0 en-t\u00eate pour entreprise.<\/p>\n","protected":false},"excerpt":{"rendered":"<ul>\n<li>Format 210 x 297\u00a0mm<\/li>\n<li>4 grammages au choix 80 \u00e0 120 g\/m\u00b2<\/li>\n<li>Impression sur un c\u00f4t\u00e9<\/li>\n<li>Graphismes aux couleurs \u00e9clatantes<\/li>\n<li>Quantit\u00e9s disponibles : de 500 \u00e0 20 000<\/li>\n<\/ul>\n","protected":false},"featured_media":1781,"comment_status":"open","ping_status":"closed","template":"","meta":{"inline_featured_image":false},"product_cat":[45],"product_tag":[],"aioseo_notices":[],"_links":{"self":[{"href":"https:\/\/print.alphastudio.cm\/index.php\/wp-json\/wp\/v2\/product\/2678"}],"collection":[{"href":"https:\/\/print.alphastudio.cm\/index.php\/wp-json\/wp\/v2\/product"}],"about":[{"href":"https:\/\/print.alphastudio.cm\/index.php\/wp-json\/wp\/v2\/types\/product"}],"replies":[{"embeddable":true,"href":"https:\/\/print.alphastudio.cm\/index.php\/wp-json\/wp\/v2\/comments?post=2678"}],"wp:featuredmedia":[{"embeddable":true,"href":"https:\/\/print.alphastudio.cm\/index.php\/wp-json\/wp\/v2\/media\/1781"}],"wp:attachment":[{"href":"https:\/\/print.alphastudio.cm\/index.php\/wp-json\/wp\/v2\/media?parent=2678"}],"wp:term":[{"taxonomy":"product_cat","embeddable":true,"href":"https:\/\/print.alphastudio.cm\/index.php\/wp-json\/wp\/v2\/product_cat?post=2678"},{"taxonomy":"product_tag","embeddable":true,"href":"https:\/\/print.alphastudio.cm\/index.php\/wp-json\/wp\/v2\/product_tag?post=2678"}],"curies":[{"name":"wp","href":"https:\/\/api.w.org\/{rel}","templated":true}]}}