{"id":2891,"date":"2024-07-09T13:57:47","date_gmt":"2024-07-09T13:57:47","guid":{"rendered":"https:\/\/print.alphastudio.cm\/?post_type=product&#038;p=2891"},"modified":"2024-10-13T02:21:20","modified_gmt":"2024-10-13T02:21:20","slug":"facturiers","status":"publish","type":"product","link":"https:\/\/print.alphastudio.cm\/index.php\/product\/facturiers\/","title":{"rendered":"Facturiers"},"content":{"rendered":"<p>Imprimez des carnets id\u00e9als pour plusieurs fonctions au sein de votre entreprise (facturiers, re\u00e7us, fiches de stock, bon de commande et livraison, etc\u2026).<\/p>\n","protected":false},"excerpt":{"rendered":"<ul>\n<li>Dimensions: Standard A4<\/li>\n<li>2 finitions (1 et 2 souches)<\/li>\n<li>Quantit\u00e9: \u00e0 partir de 25 Pi\u00e8ces<\/li>\n<\/ul>\n","protected":false},"featured_media":1779,"comment_status":"open","ping_status":"closed","template":"","meta":{"inline_featured_image":false},"product_cat":[45],"product_tag":[],"aioseo_notices":[],"_links":{"self":[{"href":"https:\/\/print.alphastudio.cm\/index.php\/wp-json\/wp\/v2\/product\/2891"}],"collection":[{"href":"https:\/\/print.alphastudio.cm\/index.php\/wp-json\/wp\/v2\/product"}],"about":[{"href":"https:\/\/print.alphastudio.cm\/index.php\/wp-json\/wp\/v2\/types\/product"}],"replies":[{"embeddable":true,"href":"https:\/\/print.alphastudio.cm\/index.php\/wp-json\/wp\/v2\/comments?post=2891"}],"wp:featuredmedia":[{"embeddable":true,"href":"https:\/\/print.alphastudio.cm\/index.php\/wp-json\/wp\/v2\/media\/1779"}],"wp:attachment":[{"href":"https:\/\/print.alphastudio.cm\/index.php\/wp-json\/wp\/v2\/media?parent=2891"}],"wp:term":[{"taxonomy":"product_cat","embeddable":true,"href":"https:\/\/print.alphastudio.cm\/index.php\/wp-json\/wp\/v2\/product_cat?post=2891"},{"taxonomy":"product_tag","embeddable":true,"href":"https:\/\/print.alphastudio.cm\/index.php\/wp-json\/wp\/v2\/product_tag?post=2891"}],"curies":[{"name":"wp","href":"https:\/\/api.w.org\/{rel}","templated":true}]}}