{"id":3933,"date":"2024-10-01T02:49:54","date_gmt":"2024-10-01T02:49:54","guid":{"rendered":"https:\/\/print.alphastudio.cm\/?post_type=product&#038;p=3933"},"modified":"2024-10-06T02:22:27","modified_gmt":"2024-10-06T02:22:27","slug":"flyers-online","status":"publish","type":"product","link":"https:\/\/print.alphastudio.cm\/index.php\/product\/flyers-online\/","title":{"rendered":"Flyers (online)"},"content":{"rendered":"<p><strong>Les\u00a0flyers classiques\u00a0sont polyvalents. Que vous souhaitiez que votre flyer soit imprim\u00e9 en format A4, en tant que d\u00e9pliant publicitaire en format A5 pratique ou en tant que bon pour une campagne de r\u00e9duction en format de poche A6 : vous trouverez ici des versions adapt\u00e9es.<\/strong><\/p>\n","protected":false},"excerpt":{"rendered":"<ul>\n<li>papier couch\u00e9 brillant, mat et encore plus de choix de mat\u00e9riaux<\/li>\n<li>grand choix de formats standards<\/li>\n<li>\u00e0 partir de 50 exemplaires<\/li>\n<\/ul>\n","protected":false},"featured_media":1660,"comment_status":"open","ping_status":"closed","template":"","meta":{"inline_featured_image":false},"product_cat":[82],"product_tag":[],"aioseo_notices":[],"_links":{"self":[{"href":"https:\/\/print.alphastudio.cm\/index.php\/wp-json\/wp\/v2\/product\/3933"}],"collection":[{"href":"https:\/\/print.alphastudio.cm\/index.php\/wp-json\/wp\/v2\/product"}],"about":[{"href":"https:\/\/print.alphastudio.cm\/index.php\/wp-json\/wp\/v2\/types\/product"}],"replies":[{"embeddable":true,"href":"https:\/\/print.alphastudio.cm\/index.php\/wp-json\/wp\/v2\/comments?post=3933"}],"wp:featuredmedia":[{"embeddable":true,"href":"https:\/\/print.alphastudio.cm\/index.php\/wp-json\/wp\/v2\/media\/1660"}],"wp:attachment":[{"href":"https:\/\/print.alphastudio.cm\/index.php\/wp-json\/wp\/v2\/media?parent=3933"}],"wp:term":[{"taxonomy":"product_cat","embeddable":true,"href":"https:\/\/print.alphastudio.cm\/index.php\/wp-json\/wp\/v2\/product_cat?post=3933"},{"taxonomy":"product_tag","embeddable":true,"href":"https:\/\/print.alphastudio.cm\/index.php\/wp-json\/wp\/v2\/product_tag?post=3933"}],"curies":[{"name":"wp","href":"https:\/\/api.w.org\/{rel}","templated":true}]}}