{"id":4092,"date":"2024-10-01T02:56:16","date_gmt":"2024-10-01T02:56:16","guid":{"rendered":"https:\/\/print.alphastudio.cm\/?post_type=product&#038;p=4092"},"modified":"2024-10-06T02:19:14","modified_gmt":"2024-10-06T02:19:14","slug":"calendrier-muralonline","status":"publish","type":"product","link":"https:\/\/print.alphastudio.cm\/index.php\/product\/calendrier-muralonline\/","title":{"rendered":"Calendrier Mural(online)"},"content":{"rendered":"<p><strong>Imprimez le recto et le verso de votre calendrier annuel, soit avec un semestre de chaque c\u00f4t\u00e9, soit en utilisant un c\u00f4t\u00e9 pour pr\u00e9senter vos produits. Le cadeau id\u00e9al pour vos clients et vos partenaires commerciaux, en particulier au d\u00e9but de l&rsquo;ann\u00e9e.<\/strong><\/p>\n","protected":false},"excerpt":{"rendered":"<ul>\n<li>Dimension A3(297 x 420mm) ou A4(210x297mm)<\/li>\n<li>portait ou paysage<\/li>\n<li>recto seul ou Recto &amp; verso<\/li>\n<li>\u00e0 partir de 20 exemplaires<\/li>\n<\/ul>\n","protected":false},"featured_media":1768,"comment_status":"open","ping_status":"closed","template":"","meta":{"inline_featured_image":false},"product_cat":[82],"product_tag":[],"aioseo_notices":[],"_links":{"self":[{"href":"https:\/\/print.alphastudio.cm\/index.php\/wp-json\/wp\/v2\/product\/4092"}],"collection":[{"href":"https:\/\/print.alphastudio.cm\/index.php\/wp-json\/wp\/v2\/product"}],"about":[{"href":"https:\/\/print.alphastudio.cm\/index.php\/wp-json\/wp\/v2\/types\/product"}],"replies":[{"embeddable":true,"href":"https:\/\/print.alphastudio.cm\/index.php\/wp-json\/wp\/v2\/comments?post=4092"}],"wp:featuredmedia":[{"embeddable":true,"href":"https:\/\/print.alphastudio.cm\/index.php\/wp-json\/wp\/v2\/media\/1768"}],"wp:attachment":[{"href":"https:\/\/print.alphastudio.cm\/index.php\/wp-json\/wp\/v2\/media?parent=4092"}],"wp:term":[{"taxonomy":"product_cat","embeddable":true,"href":"https:\/\/print.alphastudio.cm\/index.php\/wp-json\/wp\/v2\/product_cat?post=4092"},{"taxonomy":"product_tag","embeddable":true,"href":"https:\/\/print.alphastudio.cm\/index.php\/wp-json\/wp\/v2\/product_tag?post=4092"}],"curies":[{"name":"wp","href":"https:\/\/api.w.org\/{rel}","templated":true}]}}