{"id":4260,"date":"2024-10-01T03:01:11","date_gmt":"2024-10-01T03:01:11","guid":{"rendered":"https:\/\/print.alphastudio.cm\/?post_type=product&#038;p=4260"},"modified":"2024-10-06T02:17:53","modified_gmt":"2024-10-06T02:17:53","slug":"depliant-brochure-online","status":"publish","type":"product","link":"https:\/\/print.alphastudio.cm\/index.php\/product\/depliant-brochure-online\/","title":{"rendered":"D\u00e9pliant &#038; Brochure (online)"},"content":{"rendered":"<p>Pr\u00e9sentez des informations d\u00e9taill\u00e9es sur un d\u00e9pliant commercial simple et compacte D\u00e9couvrez nos 2 types de plis<\/p>\n","protected":false},"excerpt":{"rendered":"<ul>\n<li>4 types de papier au choix<\/li>\n<li>Plusieurs options de grammage<\/li>\n<li>6 formats disponibles<\/li>\n<li>3 options de pliage<\/li>\n<li>Quantit\u00e9 : de 25 \u00e0 20 000<\/li>\n<li>Pr\u00e9sentoirs en PVC transparents disponibles<\/li>\n<\/ul>\n","protected":false},"featured_media":1449,"comment_status":"open","ping_status":"closed","template":"","meta":{"inline_featured_image":false},"product_cat":[82],"product_tag":[],"aioseo_notices":[],"_links":{"self":[{"href":"https:\/\/print.alphastudio.cm\/index.php\/wp-json\/wp\/v2\/product\/4260"}],"collection":[{"href":"https:\/\/print.alphastudio.cm\/index.php\/wp-json\/wp\/v2\/product"}],"about":[{"href":"https:\/\/print.alphastudio.cm\/index.php\/wp-json\/wp\/v2\/types\/product"}],"replies":[{"embeddable":true,"href":"https:\/\/print.alphastudio.cm\/index.php\/wp-json\/wp\/v2\/comments?post=4260"}],"wp:featuredmedia":[{"embeddable":true,"href":"https:\/\/print.alphastudio.cm\/index.php\/wp-json\/wp\/v2\/media\/1449"}],"wp:attachment":[{"href":"https:\/\/print.alphastudio.cm\/index.php\/wp-json\/wp\/v2\/media?parent=4260"}],"wp:term":[{"taxonomy":"product_cat","embeddable":true,"href":"https:\/\/print.alphastudio.cm\/index.php\/wp-json\/wp\/v2\/product_cat?post=4260"},{"taxonomy":"product_tag","embeddable":true,"href":"https:\/\/print.alphastudio.cm\/index.php\/wp-json\/wp\/v2\/product_tag?post=4260"}],"curies":[{"name":"wp","href":"https:\/\/api.w.org\/{rel}","templated":true}]}}